{"id":57,"date":"2015-12-18T18:21:06","date_gmt":"2015-12-18T17:21:06","guid":{"rendered":"http:\/\/n.megaplywanie.pl\/?page_id=57"},"modified":"2018-01-25T12:37:36","modified_gmt":"2018-01-25T11:37:36","slug":"mapa-dojazdu","status":"publish","type":"page","link":"https:\/\/megaplywanie.pl\/index.php\/mapa-dojazdu\/","title":{"rendered":"MAPA DOJAZDU"},"content":{"rendered":"<p><strong><span style=\"font-family: verdana,geneva;\">Basen Miejski\u00a0Siemianowice- Centrum<\/span><br \/>\n<\/strong><\/p>\n<p><iframe loading=\"lazy\" style=\"border: 0;\" src=\"https:\/\/www.google.com\/maps\/embed?pb=!1m18!1m12!1m3!1d2548.4538633297907!2d19.0263765155565!3d50.30212170592293!2m3!1f0!2f0!3f0!3m2!1i1024!2i768!4f13.1!3m3!1m2!1s0x4716d194ed6dc599%3A0x7131d7b092a57984!2sP%C5%82ywalnia+Miejska!5e0!3m2!1spl!2spl!4v1516879972908\" width=\"600\" height=\"450\" frameborder=\"0\" allowfullscreen=\"allowfullscreen\"><\/iframe><\/p>\n<p>&nbsp;<\/p>\n<p><span style=\"font-family: verdana,geneva;\"><strong>Basen Kompleksu Sportowego &#8222;Micha\u0142&#8221; w Siemianowicach \u015al\u0105skich (Micha\u0142kowicach)<\/strong><\/span><\/p>\n<p><iframe loading=\"lazy\" style=\"border: 0;\" src=\"https:\/\/www.google.com\/maps\/embed?pb=!1m18!1m12!1m3!1d2547.4775721431506!2d19.006495115610843!3d50.32034077945764!2m3!1f0!2f0!3f0!3m2!1i1024!2i768!4f13.1!3m3!1m2!1s0x4716d22be2c3d905%3A0x79b648c7b0621f74!2sKompleks+Sportowy+%22MICHA%C5%81%22!5e0!3m2!1spl!2spl!4v1450523059068\" width=\"600\" height=\"450\" frameborder=\"0\" allowfullscreen=\"allowfullscreen\"><\/iframe><\/p>\n<p>&nbsp;<\/p>\n<p><span style=\"font-family: verdana,geneva;\"><strong>Basen Szko\u0142y Podstawowej nr 51 w Katowicach (Giszowcu)<\/strong><\/span><\/p>\n<p><iframe loading=\"lazy\" style=\"border: 0;\" src=\"https:\/\/www.google.com\/maps\/embed?pb=!1m18!1m12!1m3!1d2552.6726388133206!2d19.068342615607037!3d50.22333757944457!2m3!1f0!2f0!3f0!3m2!1i1024!2i768!4f13.1!3m3!1m2!1s0x4716cf7c29f649b9%3A0x8368b5ef7c3bca37!2sSzko%C5%82a+Podstawowa+nr+51+z+Oddzia%C5%82ami+Integracyjnymi!5e0!3m2!1spl!2spl!4v1450523300049\" width=\"600\" height=\"450\" frameborder=\"0\" allowfullscreen=\"allowfullscreen\"><\/iframe><\/p>\n","protected":false},"excerpt":{"rendered":"<p>Basen Miejski\u00a0Siemianowice- Centrum &nbsp; Basen Kompleksu Sportowego &#8222;Micha\u0142&#8221; w Siemianowicach \u015al\u0105skich (Micha\u0142kowicach) &nbsp; Basen Szko\u0142y Podstawowej nr 51 w Katowicach (Giszowcu)<\/p>\n","protected":false},"author":1,"featured_media":0,"parent":0,"menu_order":0,"comment_status":"closed","ping_status":"closed","template":"","meta":{"footnotes":""},"class_list":["post-57","page","type-page","status-publish","hentry"],"_links":{"self":[{"href":"https:\/\/megaplywanie.pl\/index.php\/wp-json\/wp\/v2\/pages\/57","targetHints":{"allow":["GET"]}}],"collection":[{"href":"https:\/\/megaplywanie.pl\/index.php\/wp-json\/wp\/v2\/pages"}],"about":[{"href":"https:\/\/megaplywanie.pl\/index.php\/wp-json\/wp\/v2\/types\/page"}],"author":[{"embeddable":true,"href":"https:\/\/megaplywanie.pl\/index.php\/wp-json\/wp\/v2\/users\/1"}],"replies":[{"embeddable":true,"href":"https:\/\/megaplywanie.pl\/index.php\/wp-json\/wp\/v2\/comments?post=57"}],"version-history":[{"count":7,"href":"https:\/\/megaplywanie.pl\/index.php\/wp-json\/wp\/v2\/pages\/57\/revisions"}],"predecessor-version":[{"id":543,"href":"https:\/\/megaplywanie.pl\/index.php\/wp-json\/wp\/v2\/pages\/57\/revisions\/543"}],"wp:attachment":[{"href":"https:\/\/megaplywanie.pl\/index.php\/wp-json\/wp\/v2\/media?parent=57"}],"curies":[{"name":"wp","href":"https:\/\/api.w.org\/{rel}","templated":true}]}}