{"id":51,"date":"2015-12-18T18:20:00","date_gmt":"2015-12-18T17:20:00","guid":{"rendered":"http:\/\/n.megaplywanie.pl\/?page_id=51"},"modified":"2026-01-26T10:00:17","modified_gmt":"2026-01-26T09:00:17","slug":"obozy","status":"publish","type":"page","link":"https:\/\/megaplywanie.pl\/index.php\/obozy\/","title":{"rendered":"OBOZY"},"content":{"rendered":"<h1><a href=\"https:\/\/megaplywanie.pl\/wp-content\/uploads\/2026\/01\/MEGA_folder_lato-2026-1.pdf\" target=\"_blank\" rel=\"noopener\"><strong><span style=\"color: #0000ff;\">MEGA SWIM CAMP &#8211; USTRONIE MORSKIE 2026 &#8211; OFERTA<\/span><\/strong><\/a><\/h1>\n<h1><strong><a href=\"https:\/\/megaplywanie.pl\/wp-content\/uploads\/2026\/01\/TERMINY-OBOZOW-LATO-2026.pdf\" target=\"_blank\" rel=\"noopener\"><span style=\"color: #0000ff;\">MEGA OB\u00d3Z USTRONIE MORSKIE 2026 (KLIKNIJ)<\/span><\/a><\/strong><\/h1>\n<h2><a href=\"https:\/\/megaplywanie.pl\/images\/megafolder_lato_2025.pdf\" target=\"_blank\" rel=\"noopener\"><strong><span style=\"color: #0000ff;\">OFERTA OBOZ\u00d3W LETNICH MEGA LATO 2025 (KLIKNIJ)<\/span><\/strong><\/a><\/h2>\n<p><span style=\"color: #ff0000;\"><a href=\"https:\/\/www.facebook.com\/Poraj-oboz-rowerowy-189906701540545\/\"><strong><span style=\"font-family: verdana,geneva;\"><span style=\"color: #0000ff;\">JESTE\u015aMY NA FACEBOOK&#8217;u (KLIKNIJ)<\/span><\/span><\/strong><\/a><\/span><\/p>\n<p><span style=\"font-family: verdana,geneva;\"><strong>SZCZEG\u00d3\u0141OWE INFORMACJE O OBOZACH:<\/strong><\/span><\/p>\n<p><span style=\"font-family: verdana,geneva;\"><strong><strong>Do pobrania zdj\u0119cia i filmy z oboz\u00f3w:<br \/>\n<\/strong><\/strong><\/span><\/p>\n<p><span style=\"color: #00ff00; font-family: verdana,geneva;\"><a style=\"color: #00ff00;\" href=\"https:\/\/youtu.be\/TCSSDTHLRDI\" target=\"_blank\" rel=\"noopener noreferrer\"><strong>&#8222;Poraj 2015 Bike camp&#8221; na YouTube (KLIKNIJ)<\/strong><\/a><\/span><\/p>\n","protected":false},"excerpt":{"rendered":"<p>MEGA SWIM CAMP &#8211; USTRONIE MORSKIE 2026 &#8211; OFERTA MEGA OB\u00d3Z USTRONIE MORSKIE 2026 (KLIKNIJ) OFERTA OBOZ\u00d3W LETNICH MEGA LATO 2025 (KLIKNIJ) JESTE\u015aMY NA FACEBOOK&#8217;u (KLIKNIJ) SZCZEG\u00d3\u0141OWE INFORMACJE O OBOZACH: Do pobrania zdj\u0119cia i filmy z oboz\u00f3w: &#8222;Poraj 2015 Bike camp&#8221; na YouTube (KLIKNIJ)<\/p>\n","protected":false},"author":1,"featured_media":0,"parent":0,"menu_order":0,"comment_status":"closed","ping_status":"closed","template":"","meta":{"footnotes":""},"class_list":["post-51","page","type-page","status-publish","hentry"],"_links":{"self":[{"href":"https:\/\/megaplywanie.pl\/index.php\/wp-json\/wp\/v2\/pages\/51","targetHints":{"allow":["GET"]}}],"collection":[{"href":"https:\/\/megaplywanie.pl\/index.php\/wp-json\/wp\/v2\/pages"}],"about":[{"href":"https:\/\/megaplywanie.pl\/index.php\/wp-json\/wp\/v2\/types\/page"}],"author":[{"embeddable":true,"href":"https:\/\/megaplywanie.pl\/index.php\/wp-json\/wp\/v2\/users\/1"}],"replies":[{"embeddable":true,"href":"https:\/\/megaplywanie.pl\/index.php\/wp-json\/wp\/v2\/comments?post=51"}],"version-history":[{"count":120,"href":"https:\/\/megaplywanie.pl\/index.php\/wp-json\/wp\/v2\/pages\/51\/revisions"}],"predecessor-version":[{"id":1539,"href":"https:\/\/megaplywanie.pl\/index.php\/wp-json\/wp\/v2\/pages\/51\/revisions\/1539"}],"wp:attachment":[{"href":"https:\/\/megaplywanie.pl\/index.php\/wp-json\/wp\/v2\/media?parent=51"}],"curies":[{"name":"wp","href":"https:\/\/api.w.org\/{rel}","templated":true}]}}