{"id":49,"date":"2015-12-18T18:19:46","date_gmt":"2015-12-18T17:19:46","guid":{"rendered":"http:\/\/n.megaplywanie.pl\/?page_id=49"},"modified":"2026-03-20T18:34:39","modified_gmt":"2026-03-20T17:34:39","slug":"terminy-zajec","status":"publish","type":"page","link":"https:\/\/megaplywanie.pl\/index.php\/terminy-zajec\/","title":{"rendered":"TERMINY ZAJ\u0118\u0106"},"content":{"rendered":"<h1><a href=\"https:\/\/megaplywanie.pl\/wp-content\/uploads\/2026\/03\/GISZ-AWARIIAAAAA-2.pdf\" target=\"_blank\" rel=\"noopener\"><span style=\"color: #ff0000;\"><strong>NOWE INFORMACJE DLA KLIENT\u00d3W Z GISZOWCA 20.03.2026 (KLIKNIJ)<\/strong><\/span><\/a><\/h1>\n<h1><a href=\"https:\/\/megaplywanie.pl\/wp-content\/uploads\/2026\/03\/GISZ-AWARIAAAAA-2.pdf\" target=\"_blank\" rel=\"noopener\"><span style=\"color: #ff0000;\"><strong>NOWE INFORMACJE DLA KLIENT\u00d3W Z GISZOWCA 16.03.2026 (KLIKNIJ) <\/strong><\/span><\/a><\/h1>\n<h1><span style=\"color: #ff0000;\"><a style=\"color: #ff0000;\" href=\"https:\/\/megaplywanie.pl\/wp-content\/uploads\/2026\/03\/gisz-awaria-2-03-2026.pdf\" target=\"_blank\" rel=\"noopener\"><strong>NOWE INFORMACJE DLA KLIENT\u00d3W Z GISZOWCA 02.03.2026 (KLIKNIJ)<\/strong><\/a><\/span><\/h1>\n<h1><span style=\"color: #ff0000;\"><a style=\"color: #ff0000;\" href=\"https:\/\/megaplywanie.pl\/wp-content\/uploads\/2026\/02\/GISZ-AWARIAAA-2.pdf\" target=\"_blank\" rel=\"noopener\"><strong>NOWE INFORMACJE DLA KLIENT\u00d3W Z GISZOWCA 02.02.2026 (KLIKNIJ)<\/strong><\/a><\/span><\/h1>\n<h1><strong><a href=\"https:\/\/megaplywanie.pl\/wp-content\/uploads\/2026\/01\/GISZ-AWARIAA-2.pdf\" target=\"_blank\" rel=\"noopener\"><span style=\"color: #ff0000;\">NOWE INFORMACJE DLA KLIENT\u00d3W Z GISZOWCA 06.01.2026 (KLIKNIJ)<\/span><\/a><\/strong><\/h1>\n<h1><a href=\"https:\/\/megaplywanie.pl\/wp-content\/uploads\/2025\/09\/gisz_awaria_wrzesien_2025.pdf\" target=\"_blank\" rel=\"noopener\"><span style=\"color: #ff0000;\"><strong>UWAGA!!! AWARIA BASENU NA GISZOWCU DO ODWO\u0141ANIA (KLIKNIJ)<\/strong><\/span><\/a><\/h1>\n<p><strong>KATOWICE GISZOWIEC BASEN SP 51<\/strong><br \/>\n\u015aRODA (zaj\u0119cia raz w tygodniu)<\/p>\n<p>GR. 1 17:30 &#8211; 18:15<br \/>\nGR. 2 18:20 &#8211; 19:05<br \/>\nGR. 3 19:10 &#8211; 19:55<\/p>\n<p><strong>SIEMIANOWICE &#8211; BASEN MIEJSKI<\/strong><\/p>\n<p>PI\u0104TEK (zaj\u0119cia raz w tygodniu)<br \/>\nGR. 1 17:00 &#8211; 17:45<br \/>\nGR. 2 18:00 &#8211; 18:45<br \/>\nGR. 3 19:00 &#8211; 19:45<\/p>\n<p><strong>SIEMIANOWICE MICHA\u0141KOWICE &#8211; KS MICHA\u0141<\/strong><br \/>\nSOBOTA (zaj\u0119cia raz w tygodniu)<br \/>\nGR. 1 10:30 &#8211; 11:15<br \/>\nGR. 2 11:20 &#8211; 12:05<br \/>\nGR. 3 12:10 &#8211; 12:55<br \/>\n<strong><br \/>\nSIEMIANOWICE MICHA\u0141KOWICE &#8211; KS MICHA\u0141<\/strong><br \/>\nNIEDZIELA (zaj\u0119cia raz w tygodniu)<br \/>\nGR. 1 09:10 &#8211; 09:55<\/p>\n<p><strong data-rich-text-format-boundary=\"true\">Terminarze do pobrania:<\/strong><\/p>\n<p><strong><span style=\"color: #000000;\"><a style=\"color: #000000;\" href=\"https:\/\/megaplywanie.pl\/images\/gisz_sroda.pdf\" target=\"_blank\" rel=\"noopener noreferrer\">GISZOWIEC \u015aRODA GR. 1, 2, 3 (KLIKNIJ)<\/a><\/span><\/strong><br \/>\n<a href=\"https:\/\/megaplywanie.pl\/images\/miejski.pdf\" target=\"_blank\" rel=\"noopener noreferrer\"><strong><span style=\"color: #000000;\">SIEMIANOWICE &#8211; BASEN MIEJSKI GR. 1, 2, 3 (KLIKNIJ)<\/span><\/strong><\/a><br \/>\n<a href=\"https:\/\/megaplywanie.pl\/images\/michal_sobota.pdf\" target=\"_blank\" rel=\"noopener noreferrer\"><span style=\"color: #000000;\"><strong>MICHA\u0141KOWICE SOBOTA GR. 1, 2, 3 (KLIKNIJ)<\/strong><\/span><\/a><br \/>\n<a href=\"https:\/\/megaplywanie.pl\/images\/michal_niedziela.pdf\" target=\"_blank\" rel=\"noopener noreferrer\"><span style=\"color: #000000;\"><strong>MICHA\u0141KOWICE NIEDZIELA GR. 1 (KLIKNIJ)<\/strong><\/span><\/a><\/p>\n","protected":false},"excerpt":{"rendered":"<p>NOWE INFORMACJE DLA KLIENT\u00d3W Z GISZOWCA 20.03.2026 (KLIKNIJ) NOWE INFORMACJE DLA KLIENT\u00d3W Z GISZOWCA 16.03.2026 (KLIKNIJ) NOWE INFORMACJE DLA KLIENT\u00d3W Z GISZOWCA 02.03.2026 (KLIKNIJ) NOWE INFORMACJE DLA KLIENT\u00d3W Z GISZOWCA 02.02.2026 (KLIKNIJ) NOWE INFORMACJE DLA KLIENT\u00d3W Z GISZOWCA 06.01.2026 (KLIKNIJ) UWAGA!!! AWARIA BASENU NA GISZOWCU DO ODWO\u0141ANIA (KLIKNIJ) KATOWICE GISZOWIEC BASEN SP 51 \u015aRODA (zaj\u0119cia&#8230;<\/p>\n","protected":false},"author":1,"featured_media":0,"parent":0,"menu_order":0,"comment_status":"closed","ping_status":"closed","template":"","meta":{"footnotes":""},"class_list":["post-49","page","type-page","status-publish","hentry"],"_links":{"self":[{"href":"https:\/\/megaplywanie.pl\/index.php\/wp-json\/wp\/v2\/pages\/49","targetHints":{"allow":["GET"]}}],"collection":[{"href":"https:\/\/megaplywanie.pl\/index.php\/wp-json\/wp\/v2\/pages"}],"about":[{"href":"https:\/\/megaplywanie.pl\/index.php\/wp-json\/wp\/v2\/types\/page"}],"author":[{"embeddable":true,"href":"https:\/\/megaplywanie.pl\/index.php\/wp-json\/wp\/v2\/users\/1"}],"replies":[{"embeddable":true,"href":"https:\/\/megaplywanie.pl\/index.php\/wp-json\/wp\/v2\/comments?post=49"}],"version-history":[{"count":329,"href":"https:\/\/megaplywanie.pl\/index.php\/wp-json\/wp\/v2\/pages\/49\/revisions"}],"predecessor-version":[{"id":1562,"href":"https:\/\/megaplywanie.pl\/index.php\/wp-json\/wp\/v2\/pages\/49\/revisions\/1562"}],"wp:attachment":[{"href":"https:\/\/megaplywanie.pl\/index.php\/wp-json\/wp\/v2\/media?parent=49"}],"curies":[{"name":"wp","href":"https:\/\/api.w.org\/{rel}","templated":true}]}}