{"id":37,"date":"2015-12-18T18:17:51","date_gmt":"2015-12-18T17:17:51","guid":{"rendered":"http:\/\/n.megaplywanie.pl\/?page_id=37"},"modified":"2018-02-20T19:43:42","modified_gmt":"2018-02-20T18:43:42","slug":"o-nas","status":"publish","type":"page","link":"https:\/\/megaplywanie.pl\/index.php\/o-nas\/","title":{"rendered":"O NAS"},"content":{"rendered":"<p style=\"text-align: justify;\"><span style=\"font-family: verdana,geneva;\">Szko\u0142a P\u0142ywania Profesjonalnego Studia Rekreacji MEGA dzia\u0142a z powodzeniem od 1998 roku. Zaj\u0119cia odbywaj\u0105 si\u0119 na basenie Miejskim w\u00a0Siemianowicach \u015al\u0105skich, na basenie Kompleksu Sportowego &#8222;Micha\u0142&#8221; w Siemianowicach- Micha\u0142kowicach oraz w Katowicach- Giszowcu na Basenie Szko\u0142y Podstawowej nr 51.<\/span><br \/>\n<span style=\"font-family: verdana,geneva;\"> Dzia\u0142alno\u015b\u0107 Szko\u0142y oparta jest na wieloletnich do\u015bwiadczeniach zdobytych w pracy z najm\u0142odszymi dzie\u0107mi, m\u0142odzie\u017c\u0105 oraz doros\u0142ymi w\u00a0zakresie nauki p\u0142ywania.<\/span><\/p>\n<p style=\"text-align: justify;\"><span style=\"font-family: verdana,geneva;\">Szko\u0142a nasza oferuje Pa\u0144stwu:<\/span><\/p>\n<p style=\"text-align: justify;\"><span style=\"font-family: verdana,geneva;\">&#8211; Wysoko wykwalifikowan\u0105 kadr\u0119 trenersko- instruktorsk\u0105, kt\u00f3r\u0105 stanowi\u0105 absolwenci Akademii Wychowania Fizycznego w Katowicach i\u00a0Krakowie. Ludzie ci propaguj\u0105 najnowsze metody dydaktyczne stosowane wsp\u00f3\u0142cze\u015bnie w nauce p\u0142ywania. Zaj\u0119cia prowadzone s\u0105 z\u00a0zastosowaniem r\u00f3\u017cnorodnego sprz\u0119tu wodnego oraz zabawek edukacyjnych, co podnosi atrakcyjno\u015b\u0107 zaj\u0119\u0107, a ich bezstresowy charakter sprawia, \u017ce dzieci pozbywaj\u0105 si\u0119 l\u0119k\u00f3w przed nowymi oraz w wielu przypadkach przykrymi do\u015bwiadczeniami w \u015brodowisku wodnym.<\/span><br \/>\n<span style=\"font-family: verdana,geneva;\"> &#8211; Ma\u0142e grupy edukacyjne (max. 6- 8 osobowe) sprzyjaj\u0105 du\u017cej efektywno\u015bci zaj\u0119\u0107, a tym samym szybkiemu post\u0119powi w nauce. Dob\u00f3r grup odbywa si\u0119 wed\u0142ug dw\u00f3ch kryteri\u00f3w- wieku kursanta i umiej\u0119tno\u015bci jakie posiada. St\u0105d w zaj\u0119ciach uczestniczy jednocze\u015bnie od czterech od\u00a0sze\u015bciu grup, z kt\u00f3rych ka\u017cda pracuje z jednym instruktorem wed\u0142ug dobranego, odr\u0119bnego toku nauczania.<\/span><br \/>\n<span style=\"font-family: verdana,geneva;\"> &#8211; Zaj\u0119cia w naszej Szkole prowadzone s\u0105 w systemie 10- godzinnych kurs\u00f3w z mo\u017cliwo\u015bci\u0105 kontynuacji nauki i doskonalenia swoich umiej\u0119tno\u015bci.<\/span><\/p>\n<p style=\"text-align: justify;\"><span style=\"font-family: verdana,geneva;\">Dzia\u0142alno\u015b\u0107 nasza prowadzona jest przez ca\u0142y rok szkolny od pocz\u0105tku wrze\u015bnia do ko\u0144ca czerwca. W okresie tym proponujemy Pa\u0144stwu swoje kompleksowe us\u0142ugi w zakresie:<\/span><\/p>\n<p style=\"text-align: justify;\"><span style=\"font-family: verdana,geneva;\">&#8211; Zaj\u0119cia adaptacyjne do \u015brodowiska wodnego dla dzieci od 4 do 6 lat- kurs &#8222;P\u0142ywackie Przedszkole&#8221;. Zaj\u0119cia te maj\u0105 na celu oswojenie dziecka ze \u015brodowiskiem wodnym i stworzenie podstaw do p\u00f3\u017aniejszego etapu- nauki p\u0142ywania. Dzieci poprzez zabaw\u0119 opanowywuj\u0105 podstawowe umiej\u0119tno\u015bci i zachowania, proste ruchy lokomocyjne, \u0107wiczenia oddechowe, poznaj\u0105 nowe \u015brodowisko, a tak\u017ce poprzez kontakt z\u00a0r\u00f3wie\u015bnikami rozwijaj\u0105 sfer\u0119 emocjonaln\u0105.<\/span><br \/>\n<span style=\"font-family: verdana,geneva;\"> &#8211; Zaj\u0119cia nauki i doskonalenia p\u0142ywania dla dzieci, m\u0142odzie\u017cy i doros\u0142ych. W kursach tych uczestnicz\u0105 osoby chc\u0105ce opanowa\u0107 umiej\u0119tno\u015b\u0107 p\u0142ywania, czyli \u015bwiadomego i zamierzonego procesu, jakim jest swobodne unoszenie si\u0119 na powierzchni wody oraz osoby chc\u0105ce doskonali\u0107 swoje umiej\u0119tno\u015bci w zakresie technik p\u0142ywackich.<\/span><br \/>\n<span style=\"font-family: verdana,geneva;\"> &#8211; Zaj\u0119cia w zakresie p\u0142ywackich \u0107wicze\u0144 korekcyjnych. S\u0105 to zaj\u0119cia \u0142\u0105cz\u0105ce w sobie elementy nauki i doskonalenia p\u0142ywania oraz zestaw p\u0142ywackich \u0107wicze\u0144 korekcyjnych indywidualnie dobranych przez instruktora dla ka\u017cdego z uczestnik\u00f3w.<\/span><br \/>\n<span style=\"font-family: verdana,geneva;\"> Nale\u017cy zaznaczy\u0107, i\u017c p\u0142ywanie jako forma ruchu jest najlepszym sposobem na korekcje wad postawy zalecanym przez lekarzy specjalist\u00f3w.<\/span><\/p>\n<p style=\"text-align: justify;\"><span style=\"font-family: verdana,geneva;\">Na koniec nale\u017cy zaznaczy\u0107, i\u017c poza wymiernymi korzy\u015bciami wynikaj\u0105cymi z uczestnictwa w zaj\u0119ciach prowadzonych przez nasz\u0105 firm\u0119 jakimi jest opanowanie umiej\u0119tno\u015bci p\u0142ywania, dostrzec nale\u017cy tak\u017ce szereg korzy\u015bci takich jak aktywne sp\u0119dzanie wolnego czasu, kszta\u0142towanie swojej wytrzyma\u0142o\u015bci na zm\u0119czenie, proces hartowania organizmu, a co za tym idzie uodpornienie na przezi\u0119bienia i infekcje, prawid\u0142owy rozw\u00f3j fizyczny dzieci, a tak\u017ce przyspieszenie rekonwalescencji po przebytych chorobach, urazach i operacjach.<\/span><br \/>\n<span style=\"font-family: verdana,geneva;\"> W dobie szeregu zagro\u017ce\u0144 cywilizacyjnych wsp\u00f3\u0142czesnego \u017cycia, to w\u0142a\u015bnie p\u0142ywanie zalecane jest przez lekarzy jako najzdrowsza forma aktywno\u015bci ruchowej stymuluj\u0105ca prawid\u0142owy rozw\u00f3j dzieci i m\u0142odzie\u017cy, a doros\u0142ym zalecana jako doskona\u0142y spos\u00f3b na zdrowy, aktywny tryb \u017cycia.<\/span><\/p>\n","protected":false},"excerpt":{"rendered":"<p>Szko\u0142a P\u0142ywania Profesjonalnego Studia Rekreacji MEGA dzia\u0142a z powodzeniem od 1998 roku. Zaj\u0119cia odbywaj\u0105 si\u0119 na basenie Miejskim w\u00a0Siemianowicach \u015al\u0105skich, na basenie Kompleksu Sportowego &#8222;Micha\u0142&#8221; w Siemianowicach- Micha\u0142kowicach oraz w Katowicach- Giszowcu na Basenie Szko\u0142y Podstawowej nr 51. Dzia\u0142alno\u015b\u0107 Szko\u0142y oparta jest na wieloletnich do\u015bwiadczeniach zdobytych w pracy z najm\u0142odszymi dzie\u0107mi, m\u0142odzie\u017c\u0105 oraz doros\u0142ymi w\u00a0zakresie&#8230;<\/p>\n","protected":false},"author":1,"featured_media":0,"parent":0,"menu_order":0,"comment_status":"closed","ping_status":"closed","template":"","meta":{"footnotes":""},"class_list":["post-37","page","type-page","status-publish","hentry"],"_links":{"self":[{"href":"https:\/\/megaplywanie.pl\/index.php\/wp-json\/wp\/v2\/pages\/37","targetHints":{"allow":["GET"]}}],"collection":[{"href":"https:\/\/megaplywanie.pl\/index.php\/wp-json\/wp\/v2\/pages"}],"about":[{"href":"https:\/\/megaplywanie.pl\/index.php\/wp-json\/wp\/v2\/types\/page"}],"author":[{"embeddable":true,"href":"https:\/\/megaplywanie.pl\/index.php\/wp-json\/wp\/v2\/users\/1"}],"replies":[{"embeddable":true,"href":"https:\/\/megaplywanie.pl\/index.php\/wp-json\/wp\/v2\/comments?post=37"}],"version-history":[{"count":7,"href":"https:\/\/megaplywanie.pl\/index.php\/wp-json\/wp\/v2\/pages\/37\/revisions"}],"predecessor-version":[{"id":565,"href":"https:\/\/megaplywanie.pl\/index.php\/wp-json\/wp\/v2\/pages\/37\/revisions\/565"}],"wp:attachment":[{"href":"https:\/\/megaplywanie.pl\/index.php\/wp-json\/wp\/v2\/media?parent=37"}],"curies":[{"name":"wp","href":"https:\/\/api.w.org\/{rel}","templated":true}]}}